{"id":6303,"date":"2026-03-27T14:33:30","date_gmt":"2026-03-27T13:33:30","guid":{"rendered":"https:\/\/acfhab.be\/?page_id=6303"},"modified":"2026-03-30T16:28:52","modified_gmt":"2026-03-30T14:28:52","slug":"section-7-histoire-de-lenvironnement-et-de-lamenagement-du-territoire","status":"publish","type":"page","link":"https:\/\/acfhab.be\/?page_id=6303","title":{"rendered":"Section 7 : Histoire de l&#8217;environnement et de l&#8217;am\u00e9nagement du territoire"},"content":{"rendered":"<p><div class=\"fusion-fullwidth fullwidth-box fusion-builder-row-1 fusion-flex-container has-pattern-background has-mask-background nonhundred-percent-fullwidth non-hundred-percent-height-scrolling\" style=\"--awb-border-radius-top-left:0px;--awb-border-radius-top-right:0px;--awb-border-radius-bottom-right:0px;--awb-border-radius-bottom-left:0px;--awb-flex-wrap:wrap;\" ><div class=\"fusion-builder-row fusion-row fusion-flex-align-items-flex-start fusion-flex-content-wrap\" style=\"max-width:1216.8px;margin-left: calc(-4% \/ 2 );margin-right: calc(-4% \/ 2 );\"><div class=\"fusion-layout-column fusion_builder_column fusion-builder-column-0 fusion_builder_column_1_1 1_1 fusion-flex-column\" style=\"--awb-bg-size:cover;--awb-width-large:100%;--awb-margin-top-large:0px;--awb-spacing-right-large:1.92%;--awb-margin-bottom-large:20px;--awb-spacing-left-large:1.92%;--awb-width-medium:100%;--awb-order-medium:0;--awb-spacing-right-medium:1.92%;--awb-spacing-left-medium:1.92%;--awb-width-small:100%;--awb-order-small:0;--awb-spacing-right-small:1.92%;--awb-spacing-left-small:1.92%;\"><div class=\"fusion-column-wrapper fusion-column-has-shadow fusion-flex-justify-content-flex-start fusion-content-layout-column\"><div class=\"fusion-text fusion-text-1\"><p><b style=\"color: var(--awb-color4);\">AU PROGRAMME :<\/b><\/p>\n<ul>\n<li>La pr\u00e9sentation de communications individuelles sur divers sujets (programme en cours),<\/li>\n<li>Une table-ronde intitul\u00e9e : <b><i><span style=\"color: var(--awb-color4);\">Au-del\u00e0 du pittoresque ! La carte postale comme source essentielle pour l&#8217;histoire et l\u2019\u00e9tude des paysages urbains<\/span><\/i><\/b>, coorganis\u00e9e par Nicolas Simon sous la direction de Nicolas Schroeder<b><i>.<\/i><\/b><\/li>\n<\/ul>\n<\/div><\/div><\/div><\/div><\/div><div class=\"fusion-fullwidth fullwidth-box fusion-builder-row-2 fusion-flex-container has-pattern-background has-mask-background fusion-parallax-none nonhundred-percent-fullwidth non-hundred-percent-height-scrolling lazyload\" style=\"--awb-border-sizes-top:0;--awb-border-sizes-bottom:0;--awb-border-sizes-left:0;--awb-border-sizes-right:0;--awb-border-color:var(--awb-color4);--awb-border-radius-top-left:0px;--awb-border-radius-top-right:0px;--awb-border-radius-bottom-right:0px;--awb-border-radius-bottom-left:0px;--awb-padding-top:10px;--awb-padding-right:10px;--awb-padding-bottom:10px;--awb-padding-left:10px;--awb-background-color:rgba(101,188,123,0.11);--awb-background-size:cover;--awb-flex-wrap:wrap;\" data-bg=\"https:\/\/acfhab.be\/wp-content\/uploads\/2026\/03\/UrbanMedia29251_DE21_123-M-300x241.jpg\" ><div class=\"awb-background-slider\" data-type=\"container\" data-loop=\"yes\" data-animation=\"fade\" data-slideshow-speed=\"5000\" data-animation-speed=\"800\" data-direction=\"up\" style=\"--awb-image-position:50% 50%;\"><div class=\"swiper-wrapper\"><div class=\"swiper-slide\"><img decoding=\"async\" width=\"1595\" height=\"1039\" src=\"https:\/\/acfhab.be\/wp-content\/uploads\/2026\/03\/UrbanMedia29251_DE21_123-2.jpg\" class=\"awb-background-slider__image lazyload\" alt=\"\" srcset=\"data:image\/svg+xml,%3Csvg%20xmlns%3D%27http%3A%2F%2Fwww.w3.org%2F2000%2Fsvg%27%20width%3D%271595%27%20height%3D%271039%27%20viewBox%3D%270%200%201595%201039%27%3E%3Crect%20width%3D%271595%27%20height%3D%271039%27%20fill-opacity%3D%220%22%2F%3E%3C%2Fsvg%3E\" data-orig-src=\"https:\/\/acfhab.be\/wp-content\/uploads\/2026\/03\/UrbanMedia29251_DE21_123-2.jpg\" data-srcset=\"https:\/\/acfhab.be\/wp-content\/uploads\/2026\/03\/UrbanMedia29251_DE21_123-2-200x130.jpg 200w, https:\/\/acfhab.be\/wp-content\/uploads\/2026\/03\/UrbanMedia29251_DE21_123-2-300x195.jpg 300w, https:\/\/acfhab.be\/wp-content\/uploads\/2026\/03\/UrbanMedia29251_DE21_123-2-400x261.jpg 400w, https:\/\/acfhab.be\/wp-content\/uploads\/2026\/03\/UrbanMedia29251_DE21_123-2-600x391.jpg 600w, https:\/\/acfhab.be\/wp-content\/uploads\/2026\/03\/UrbanMedia29251_DE21_123-2-768x500.jpg 768w, https:\/\/acfhab.be\/wp-content\/uploads\/2026\/03\/UrbanMedia29251_DE21_123-2-800x521.jpg 800w, https:\/\/acfhab.be\/wp-content\/uploads\/2026\/03\/UrbanMedia29251_DE21_123-2-1024x667.jpg 1024w, https:\/\/acfhab.be\/wp-content\/uploads\/2026\/03\/UrbanMedia29251_DE21_123-2-1200x782.jpg 1200w, https:\/\/acfhab.be\/wp-content\/uploads\/2026\/03\/UrbanMedia29251_DE21_123-2-1536x1001.jpg 1536w, https:\/\/acfhab.be\/wp-content\/uploads\/2026\/03\/UrbanMedia29251_DE21_123-2.jpg 1595w\" data-sizes=\"auto\" \/><\/div><\/div><\/div><div class=\"fusion-builder-row fusion-row fusion-flex-align-items-flex-start fusion-flex-content-wrap\" style=\"max-width:1216.8px;margin-left: calc(-4% \/ 2 );margin-right: calc(-4% \/ 2 );\"><div class=\"fusion-layout-column fusion_builder_column fusion-builder-column-1 fusion_builder_column_3_4 3_4 fusion-flex-column\" style=\"--awb-bg-color:var(--awb-color1);--awb-bg-color-hover:var(--awb-color1);--awb-bg-size:cover;--awb-width-large:75%;--awb-margin-top-large:0px;--awb-spacing-right-large:2.56%;--awb-margin-bottom-large:20px;--awb-spacing-left-large:2.56%;--awb-width-medium:100%;--awb-order-medium:0;--awb-spacing-right-medium:1.92%;--awb-spacing-left-medium:1.92%;--awb-width-small:100%;--awb-order-small:0;--awb-spacing-right-small:1.92%;--awb-spacing-left-small:1.92%;\"><div class=\"fusion-column-wrapper fusion-column-has-shadow fusion-flex-justify-content-flex-start fusion-content-layout-column\"><div class=\"fusion-text fusion-text-2 fusion-text-no-margin\" style=\"--awb-margin-top:30px;--awb-margin-right:30px;--awb-margin-bottom:30px;--awb-margin-left:30px;\"><p><b style=\"color: var(--awb-color4);\"><i>Au-del\u00e0 du pittoresque ! La carte postale comme source essentielle pour l&#8217;histoire et l\u2019\u00e9tude des paysages urbains<\/i><\/b><\/p>\n<p align=\"justify\">Longtemps consid\u00e9r\u00e9e comme une simple illustration ou un t\u00e9moignage nostalgique, la carte postale est aujourd&#8217;hui reconnue comme une source visuelle d&#8217;une richesse exceptionnelle pour documenter le pass\u00e9 de nos villes et territoires. Mais comment d\u00e9passer l&#8217;approche purement descriptive et exploiter pleinement le potentiel m\u00e9thodologique et heuristique de ce mat\u00e9riau foisonnant ?<\/p>\n<p align=\"justify\">Cette table ronde propose d&#8217;inverser la perspective habituelle. Au lieu d&#8217;utiliser la carte postale pour <i>documenter<\/i> un paysage, nous montrerons comment le <i>contexte historique<\/i> (culture architecturale, urbanistique, visuelle, pratiques de mobilit\u00e9 et discours patrimonial) est essentiel pour <i>d\u00e9crypter<\/i> ce qui est repr\u00e9sent\u00e9 \u2013 ou volontairement invisibilis\u00e9 \u2013 \u00e0 l&#8217;\u00e9poque de l&#8217;essor de ce m\u00e9dium populaire.<\/p>\n<p align=\"justify\">Nous explorerons l&#8217;int\u00e9r\u00eat capital des collections massives de cartes postales, \u00e0 l&#8217;instar de la collection \u00ab Cr\u00e9dit Communal \u00bb (actuel Belfius) [77 000 cartes sur toutes les provinces de Belgique], aujourd&#8217;hui conserv\u00e9e \u00e0 l\u2019Acad\u00e9mie royale de Belgique. Cette pr\u00e9cieuse collection ainsi que d&#8217;autres fonds conserv\u00e9s dans les institutions publiques permettent des analyses \u00e0 grande \u00e9chelle r\u00e9v\u00e9lant :<\/p>\n<p align=\"justify\">\u25cf <b>L&#8217;\u00e9volution de l&#8217;espace urbain et des paysages<\/b> : Transformation de la voirie, de l&#8217;urbanisation, des fonctions et de la fr\u00e9quentation des rues (\u00e9tude de g\u00e9ographie urbaine). Une comparaison \u201cavant\/apr\u00e8s\u201d d\u2019un m\u00eame site est souvent r\u00e9v\u00e9latrice des choix pos\u00e9s en mati\u00e8re d\u2019urbanisme et de paysage urbain;<br \/>\n\u25cf <b>L&#8217;histoire sociale et culturelle<\/b> : Quels th\u00e8mes sont privil\u00e9gi\u00e9s ou ignor\u00e9s selon les \u00e9poques ? Comment la fonction de la carte postale elle-m\u00eame a-t-elle \u00e9volu\u00e9 ?<br \/>\n\u25cf <b>Les applications pratiques au service du territoire<\/b> : Nous mettrons en lumi\u00e8re l&#8217;usage concret de ces collections par les administrations (Urban.brussels) pour la gestion du patrimoine et l&#8217;aide \u00e0 la d\u00e9cision.<\/p>\n<p align=\"justify\">\u00c0 travers des exemples illustr\u00e9s et des analyses syst\u00e9matiques, nous engagerons la discussion sur la carte postale non seulement comme objet de recherche historique, mais aussi comme un outil pr\u00e9cieux d&#8217;aide \u00e0 la compr\u00e9hension et \u00e0 la gestion de l&#8217;environnement urbain contemporain. Cette table ronde est une invitation \u00e0 int\u00e9grer de mani\u00e8re critique cette ressource visuelle dans les travaux d&#8217;histoire locale, d&#8217;arch\u00e9ologie et d&#8217;\u00e9tudes urbaines et s\u2019int\u00e8gre dans le projet \u00ab Behind the Postc@ards \u00bb (<a style=\"color: var(--awb-color4);\" href=\"https:\/\/sociamm.phisoc.ulb.be\/recherche\/behind-the-postcards\" target=\"_blank\" rel=\"noopener noreferrer\">https:\/\/sociamm.phisoc.ulb.be\/recherche\/behind-the-postcards<\/a>) port\u00e9 par l\u2019ULB, Urban.brussels et l\u2019Acad\u00e9mie royale de Belgique.<\/p>\n<p align=\"justify\">Trois interventions seront propos\u00e9es afin de structurer la table-ronde avec le public. La mod\u00e9ration sera assur\u00e9e par Nicolas Simon, responsable du service \u00ab Archives et Biblioth\u00e8que \u00bb de l\u2019Acad\u00e9mie royale de Belgique.<\/p>\n<p><b>Cecilia Paredes<\/b> : <span style=\"color: var(--awb-color4);\"><b><i>La collection des cartes postales du Cr\u00e9dit communal : mat\u00e9riau pour documenter le territoire<\/i><\/b><\/span><\/p>\n<p><b>Christophe Loir et Thomas Schlesser<\/b> : <span style=\"color: var(--awb-color4);\"><i><b>Before and after. L&#8217;int\u00e9r\u00eat de la m\u00e9thode de la reconduction photographique \u00e0 partir des cartes postales de la Belle \u00c9poque pour l&#8217;histoire des paysages urbains.  <\/b><\/i><\/span><\/p>\n<p><b>Christian Vandermotten<\/b> : <span style=\"color: var(--awb-color4);\"><b><i>Contribution des cartes postales \u00e0 l\u2019histoire et \u00e0 la g\u00e9ographie locales<\/i><\/b><\/span><\/p>\n<\/div><\/div><\/div><\/div><\/div><div class=\"fusion-fullwidth fullwidth-box fusion-builder-row-3 fusion-flex-container has-pattern-background has-mask-background nonhundred-percent-fullwidth non-hundred-percent-height-scrolling\" style=\"--awb-border-radius-top-left:0px;--awb-border-radius-top-right:0px;--awb-border-radius-bottom-right:0px;--awb-border-radius-bottom-left:0px;--awb-flex-wrap:wrap;\" ><div class=\"fusion-builder-row fusion-row fusion-flex-align-items-flex-start fusion-flex-content-wrap\" style=\"max-width:1216.8px;margin-left: calc(-4% \/ 2 );margin-right: calc(-4% \/ 2 );\"><div class=\"fusion-layout-column fusion_builder_column fusion-builder-column-2 fusion_builder_column_1_1 1_1 fusion-flex-column\" style=\"--awb-bg-size:cover;--awb-width-large:100%;--awb-margin-top-large:0px;--awb-spacing-right-large:1.92%;--awb-margin-bottom-large:20px;--awb-spacing-left-large:1.92%;--awb-width-medium:100%;--awb-order-medium:0;--awb-spacing-right-medium:1.92%;--awb-spacing-left-medium:1.92%;--awb-width-small:100%;--awb-order-small:0;--awb-spacing-right-small:1.92%;--awb-spacing-left-small:1.92%;\"><div class=\"fusion-column-wrapper fusion-column-has-shadow fusion-flex-justify-content-flex-start fusion-content-layout-column\"><div class=\"fusion-text fusion-text-3\"><p><span style=\"font-size: 14px; line-height: 25.7px;\" data-fusion-font=\"true\">Illustration : <i>Vue du Palais royal, Bruxelles<\/i><\/span><span style=\"font-size: 14px; line-height: 25.7px;\" data-fusion-font=\"true\">, carte postale. Collection Belfius Banque-Acad\u00e9mie royale de Belgique <\/span><span class=\"NA6bn BxUVEf ILfuVd\" lang=\"en\"><span class=\"hgKElc pOOWX\"><b style=\"font-size: 14px; line-height: 25.7px;\" data-fusion-font=\"true\">\u00a9<\/b><\/span><\/span><span style=\"font-size: 14px; line-height: 25.7px;\" data-fusion-font=\"true\"> ARB &#8211; urban.brussels &#8211; DE21_123<\/span><span style=\"font-size: 14px; line-height: 25.7px;\" data-fusion-font=\"true\">. Provenance : Collection du Cr\u00e9dit communal de Belgique<\/span><\/p>\n<\/div><div class=\"fusion-text fusion-text-4\"><p>&nbsp;<\/p>\n<p><b style=\"color: var(--awb-color4);\">INTERVENANT(E)S<\/b><\/p>\n<p>\u25cf <b>LOIR Christophe<\/b><br \/>\nChristophe Loir, est historien et historien de l\u2019art, docteur en histoire et professeur \u00e0 l\u2019Universit\u00e9 libre de Bruxelles. Par ailleurs, il est membre de la Commission royale des Monuments et des Sites de la r\u00e9gion bruxelloise. Ses recherches portent plus particuli\u00e8rement sur l\u2019\u00e9tude du paysage urbain (Urban Landscape Studies), du patrimoine (Heritage Studies) et de la mobilit\u00e9 (Mobility Studies).<\/p>\n<p>\u25cf <b>PAREDES Cecilia<\/b><br \/>\nCecilia Paredes est architecte et docteure en histoire de l&#8217;art et arch\u00e9ologie (ULB, 2005). Elle est attach\u00e9e au Service public r\u00e9gional de l\u2019Urbanisme et du Patrimoine depuis 2001. Elle y occupe actuellement le poste de coordinatrice de la cellule \u00ab \u00c9tudes et Recherches \u00bb \u00e0 la Direction Connaissance et Communication. Elle enseigne \u00e9galement \u00e0 l\u2019universit\u00e9 Libre de Bruxelles o\u00f9 elle est collaboratrice scientifique au Centre de recherche Soci\u00e9t\u00e9s anciennes, m\u00e9di\u00e9vales et modernes (SOCIAMM). Elle a dirig\u00e9 la num\u00e9risation de la collection des cartes postales du \u201cCr\u00e9dit communal\u201d consacr\u00e9es \u00e0 Bruxelles ainsi que sa diffusion et sa valorisation via le site media.urban.<\/p>\n<p>\u25cf <b>SCHLESSER Thomas<\/b><br \/>\nThomas Schlesser est historien et doctorant F.R.S.-FNRS \u00e0 l\u2019Universit\u00e9 libre de Bruxelles. Il ach\u00e8ve une th\u00e8se consacr\u00e9e au rapport entre les probl\u00e9matiques de mobilit\u00e9 et l\u2019am\u00e9nagement du paysage urbain bruxellois au XIXe si\u00e8cle, d\u00e9veloppant une lecture processuelle des transformations urbaines ax\u00e9e sur le concept de \u00ab viabilit\u00e9 \u00bb de l\u2019espace public. Ses travaux ont \u00e9galement port\u00e9 sur les pratiques d\u2019am\u00e9nagement urbain au XIXe si\u00e8cle, comme le nivellement et le r\u00e9alignement des rues. Il est auteur pour la Commission Royale des Monuments et des Sites d\u2019une \u00e9tude sur l\u2019histoire et la conservation du paysage urbain n\u00e9oclassique \u00e0 Bruxelles.<\/p>\n<p>\u25cf <b>VANDERMOTTEN Christian<\/b><br \/>\nChristian Vandermotten est g\u00e9ographe et urbaniste. Il est professeur \u00e9m\u00e9rite \u00e0 l\u2019Universit\u00e9 libre de Bruxelles et membre de la Classe des Lettres et des Sciences morales et politiques de l&#8217;Acad\u00e9mie royale de Belgique, pr\u00e9sident de la Soci\u00e9t\u00e9 royale belge de G\u00e9ographie et ancien pr\u00e9sident du Comit\u00e9 national de G\u00e9ographie. Il est pr\u00e9sident d\u2019Hisciwab, le cercle d\u2019histoire locale de Watermael-Boitsfort. Ses travaux portent en particulier sur la g\u00e9ographie \u00e9conomique de la Belgique et de l\u2019Europe, sur la g\u00e9ographie \u00e9lectorale et sur les \u00e9tudes urbaines, avec un int\u00e9r\u00eat particulier pour Bruxelles. Il consid\u00e8re donc les dimensions historiques comme essentielles \u00e0 la compr\u00e9hension des paysages et des structures spatiales contemporaines.<\/p>\n<p><b style=\"color: var(--awb-color4);\">MOD\u00c9RATEUR<\/b><\/p>\n<p>\u25cf <span style=\"color: var(--awb-color8);\"><b>SIMON Nicolas<\/b><\/span><br \/>\nDocteur en histoire (UCLouvain &#8211; Saint-Louis, 2017), sp\u00e9cialiste de l\u2019histoire de la loi \u00e0 l\u2019\u00e9poque moderne, Nicolas Simon est responsable du service \u201cBiblioth\u00e8que &#8211; Archives\u201d \u00e0 l\u2019Acad\u00e9mie royale de Belgique et, \u00e0 ce titre, en charge de la conservation, pr\u00e9servation et valorisation de la collection des cartes postales \u201cCr\u00e9dit communal\u201d.<\/p>\n<\/div><div class=\"fusion-separator fusion-full-width-sep\" style=\"align-self: center;margin-left: auto;margin-right: auto;width:100%;\"><div class=\"fusion-separator-border sep-double\" style=\"--awb-height:20px;--awb-amount:20px;--awb-sep-color:var(--awb-color4);border-color:var(--awb-color4);border-top-width:1px;border-bottom-width:1px;\"><\/div><\/div><\/div><\/div><\/div><\/div><\/p>\n","protected":false},"excerpt":{"rendered":"","protected":false},"author":2,"featured_media":6018,"parent":0,"menu_order":0,"comment_status":"closed","ping_status":"closed","template":"","meta":{"footnotes":""},"class_list":["post-6303","page","type-page","status-publish","has-post-thumbnail","hentry"],"_links":{"self":[{"href":"https:\/\/acfhab.be\/index.php?rest_route=\/wp\/v2\/pages\/6303","targetHints":{"allow":["GET"]}}],"collection":[{"href":"https:\/\/acfhab.be\/index.php?rest_route=\/wp\/v2\/pages"}],"about":[{"href":"https:\/\/acfhab.be\/index.php?rest_route=\/wp\/v2\/types\/page"}],"author":[{"embeddable":true,"href":"https:\/\/acfhab.be\/index.php?rest_route=\/wp\/v2\/users\/2"}],"replies":[{"embeddable":true,"href":"https:\/\/acfhab.be\/index.php?rest_route=%2Fwp%2Fv2%2Fcomments&post=6303"}],"version-history":[{"count":62,"href":"https:\/\/acfhab.be\/index.php?rest_route=\/wp\/v2\/pages\/6303\/revisions"}],"predecessor-version":[{"id":6402,"href":"https:\/\/acfhab.be\/index.php?rest_route=\/wp\/v2\/pages\/6303\/revisions\/6402"}],"wp:featuredmedia":[{"embeddable":true,"href":"https:\/\/acfhab.be\/index.php?rest_route=\/wp\/v2\/media\/6018"}],"wp:attachment":[{"href":"https:\/\/acfhab.be\/index.php?rest_route=%2Fwp%2Fv2%2Fmedia&parent=6303"}],"curies":[{"name":"wp","href":"https:\/\/api.w.org\/{rel}","templated":true}]}}