{"id":6211,"date":"2026-03-26T14:14:46","date_gmt":"2026-03-26T13:14:46","guid":{"rendered":"https:\/\/acfhab.be\/?page_id=6211"},"modified":"2026-03-26T15:14:11","modified_gmt":"2026-03-26T14:14:11","slug":"quatorze-decennies-de-congres","status":"publish","type":"page","link":"https:\/\/acfhab.be\/?page_id=6211","title":{"rendered":"Quatorze d\u00e9cennies de congr\u00e8s&#8230;"},"content":{"rendered":"<p><div class=\"fusion-fullwidth fullwidth-box fusion-builder-row-1 fusion-flex-container has-pattern-background has-mask-background nonhundred-percent-fullwidth non-hundred-percent-height-scrolling\" style=\"--awb-border-radius-top-left:0px;--awb-border-radius-top-right:0px;--awb-border-radius-bottom-right:0px;--awb-border-radius-bottom-left:0px;--awb-flex-wrap:wrap;\" ><div class=\"fusion-builder-row fusion-row fusion-flex-align-items-flex-start fusion-flex-content-wrap\" style=\"max-width:1216.8px;margin-left: calc(-4% \/ 2 );margin-right: calc(-4% \/ 2 );\"><div class=\"fusion-layout-column fusion_builder_column fusion-builder-column-0 fusion_builder_column_1_1 1_1 fusion-flex-column\" style=\"--awb-bg-size:cover;--awb-width-large:100%;--awb-margin-top-large:0px;--awb-spacing-right-large:1.92%;--awb-margin-bottom-large:20px;--awb-spacing-left-large:1.92%;--awb-width-medium:100%;--awb-order-medium:0;--awb-spacing-right-medium:1.92%;--awb-spacing-left-medium:1.92%;--awb-width-small:100%;--awb-order-small:0;--awb-spacing-right-small:1.92%;--awb-spacing-left-small:1.92%;\" data-scroll-devices=\"small-visibility,medium-visibility,large-visibility\"><div class=\"fusion-column-wrapper fusion-column-has-shadow fusion-flex-justify-content-flex-start fusion-content-layout-column\"><div class=\"fusion-text fusion-text-1\"><p style=\"color: var(--awb-color4); text-align: center;\"><b>Congr\u00e8s organis\u00e9s par la <em>F\u00e9d\u00e9ration des cercles d\u2019arch\u00e9ologie et d\u2019histoire de Belgique<\/em><\/b><\/p>\n<\/div><\/div><\/div><div class=\"fusion-layout-column fusion_builder_column fusion-builder-column-1 fusion_builder_column_1_2 1_2 fusion-flex-column\" style=\"--awb-bg-size:cover;--awb-width-large:50%;--awb-margin-top-large:0px;--awb-spacing-right-large:3.84%;--awb-margin-bottom-large:20px;--awb-spacing-left-large:3.84%;--awb-width-medium:100%;--awb-order-medium:0;--awb-spacing-right-medium:1.92%;--awb-spacing-left-medium:1.92%;--awb-width-small:100%;--awb-order-small:0;--awb-spacing-right-small:1.92%;--awb-spacing-left-small:1.92%;\" data-scroll-devices=\"small-visibility,medium-visibility,large-visibility\"><div class=\"fusion-column-wrapper fusion-column-has-shadow fusion-flex-justify-content-flex-start fusion-content-layout-column\">\n<div class=\"table-1\" style=\"--awb-margin-top:0px;--awb-margin-bottom:0px;\">\n<p>&nbsp;<\/p>\n<table width=\"100%\">\n<thead>\n<tr>\n<th align=\"left\"><strong>Nbre<\/strong><\/th>\n<th align=\"left\"><strong>Ville<\/strong><\/th>\n<th align=\"left\"><strong>Date<\/strong><\/th>\n<\/tr>\n<\/thead>\n<tbody>\n<tr>\n<td align=\"left\">1.<\/td>\n<td align=\"left\">Anvers<\/td>\n<td align=\"left\">28-30 sept. 1885<\/td>\n<\/tr>\n<tr>\n<td align=\"left\">2.<\/td>\n<td align=\"left\">Namur<\/td>\n<td align=\"left\">17-19 ao\u00fbt 1886<\/td>\n<\/tr>\n<tr>\n<td align=\"left\">3.<\/td>\n<td align=\"left\">Bruges<\/td>\n<td align=\"left\">22-25 ao\u00fbt 1887<\/td>\n<\/tr>\n<tr>\n<td align=\"left\">4.<\/td>\n<td align=\"left\">Charleroi<\/td>\n<td align=\"left\">5-8 ao\u00fbt 1888<\/td>\n<\/tr>\n<tr>\n<td align=\"left\">5.<\/td>\n<td align=\"left\">Anvers-Middelbourg<\/td>\n<td align=\"left\">2-5 sept. 1889<\/td>\n<\/tr>\n<tr>\n<td align=\"left\">6.<\/td>\n<td align=\"left\">Li\u00e8ge<\/td>\n<td align=\"left\">3-6 ao\u00fbt 1890<\/td>\n<\/tr>\n<tr>\n<td align=\"left\">7.<\/td>\n<td align=\"left\">Bruxelles<\/td>\n<td align=\"left\">2-7 ao\u00fbt 1891<\/td>\n<\/tr>\n<tr>\n<td align=\"left\">8.<\/td>\n<td align=\"left\">Anvers<\/td>\n<td align=\"left\">10-14 ao\u00fbt 1892<\/td>\n<\/tr>\n<tr>\n<td align=\"left\">9.<\/td>\n<td align=\"left\">Mons<\/td>\n<td align=\"left\">5-8 ao\u00fbt 1894<\/td>\n<\/tr>\n<tr>\n<td align=\"left\">10.<\/td>\n<td align=\"left\">Tournai<\/td>\n<td align=\"left\">5-8 ao\u00fbt 1895<\/td>\n<\/tr>\n<tr>\n<td align=\"left\">11.<\/td>\n<td align=\"left\">Gand<\/td>\n<td align=\"left\">2-5 ao\u00fbt 1896<\/td>\n<\/tr>\n<tr>\n<td align=\"left\">12.<\/td>\n<td align=\"left\">Malines<\/td>\n<td align=\"left\">8-11 ao\u00fbt 1897<\/td>\n<\/tr>\n<tr>\n<td align=\"left\">13.<\/td>\n<td align=\"left\">Enghien<\/td>\n<td align=\"left\">7-10 ao\u00fbt 1898<\/td>\n<\/tr>\n<tr>\n<td align=\"left\">14.<\/td>\n<td align=\"left\">Arlon<\/td>\n<td align=\"left\">30 juil. &#8211; 2 ao\u00fbt 1899<\/td>\n<\/tr>\n<tr>\n<td align=\"left\">15.<\/td>\n<td align=\"left\">Tongres<\/td>\n<td align=\"left\">4-8 ao\u00fbt 1901<\/td>\n<\/tr>\n<tr>\n<td align=\"left\">16.<\/td>\n<td align=\"left\">Bruges<\/td>\n<td align=\"left\">10-14 ao\u00fbt 1902<\/td>\n<\/tr>\n<tr>\n<td align=\"left\">17.<\/td>\n<td align=\"left\">Dinant<\/td>\n<td align=\"left\">9-13 ao\u00fbt 1903<\/td>\n<\/tr>\n<tr>\n<td align=\"left\">18.<\/td>\n<td align=\"left\">Mons<\/td>\n<td align=\"left\">30 juil. &#8211; 6 ao\u00fbt 1904<\/td>\n<\/tr>\n<tr>\n<td align=\"left\">19.<\/td>\n<td align=\"left\">Chimay<\/td>\n<td align=\"left\">16-21 sept. 1906<\/td>\n<\/tr>\n<tr>\n<td align=\"left\">20.<\/td>\n<td align=\"left\">Gand<\/td>\n<td align=\"left\">2-7 ao\u00fbt 1907<\/td>\n<\/tr>\n<tr>\n<td align=\"left\">21.<\/td>\n<td align=\"left\">Li\u00e8ge<\/td>\n<td align=\"left\">31 juil. &#8211; 5 ao\u00fbt 1909<\/td>\n<\/tr>\n<tr>\n<td align=\"left\">22.<\/td>\n<td align=\"left\">Malines<\/td>\n<td align=\"left\">5-10 ao\u00fbt 1911<\/td>\n<\/tr>\n<\/tbody>\n<\/table>\n<\/div>\n<\/div><\/div><div class=\"fusion-layout-column fusion_builder_column fusion-builder-column-2 fusion_builder_column_1_2 1_2 fusion-flex-column fusion-flex-align-self-flex-end\" style=\"--awb-bg-size:cover;--awb-width-large:50%;--awb-margin-top-large:0px;--awb-spacing-right-large:3.84%;--awb-margin-bottom-large:20px;--awb-spacing-left-large:3.84%;--awb-width-medium:100%;--awb-order-medium:0;--awb-spacing-right-medium:1.92%;--awb-spacing-left-medium:1.92%;--awb-width-small:100%;--awb-order-small:0;--awb-spacing-right-small:1.92%;--awb-spacing-left-small:1.92%;\" data-scroll-devices=\"small-visibility,medium-visibility,large-visibility\"><div class=\"fusion-column-wrapper fusion-column-has-shadow fusion-flex-justify-content-flex-start fusion-content-layout-column\">\n<div class=\"table-1\" style=\"--awb-margin-top:0px;--awb-margin-bottom:0px;\">\n<table width=\"100%\">\n<thead>\n<tr>\n<th style=\"text-align: left;\" align=\"left\">Nbre<\/th>\n<th align=\"left\">Ville<\/th>\n<th align=\"left\">Date<\/th>\n<\/tr>\n<\/thead>\n<tbody>\n<tr>\n<td align=\"left\">23.<\/td>\n<td align=\"left\">Gand<\/td>\n<td align=\"left\">8-13 ao\u00fbt 1913<\/td>\n<\/tr>\n<tr>\n<td align=\"left\">24.<\/td>\n<td align=\"left\">Tournai<\/td>\n<td align=\"left\">31 juil. &#8211; 4 ao\u00fbt 1921<\/td>\n<\/tr>\n<tr>\n<td align=\"left\">25.<\/td>\n<td align=\"left\">Tongres<\/td>\n<td align=\"left\">16-18 sept. 1923<\/td>\n<\/tr>\n<tr>\n<td align=\"left\">26.<\/td>\n<td align=\"left\">Bruges<\/td>\n<td align=\"left\">2-5 ao\u00fbt 1925<\/td>\n<\/tr>\n<tr>\n<td align=\"left\">27.<\/td>\n<td align=\"left\">Mons<\/td>\n<td align=\"left\">28 juil. &#8211; 1er ao\u00fbt 1928<\/td>\n<\/tr>\n<tr>\n<td align=\"left\">28.<\/td>\n<td align=\"left\">Anvers<\/td>\n<td align=\"left\">16-21 ao\u00fbt 1930<\/td>\n<\/tr>\n<tr>\n<td align=\"left\">29.<\/td>\n<td align=\"left\">Li\u00e8ge<\/td>\n<td align=\"left\">1er-4 ao\u00fbt 1932<\/td>\n<\/tr>\n<tr>\n<td align=\"left\">30.<\/td>\n<td align=\"left\">Bruxelles<\/td>\n<td align=\"left\">28 juil. &#8211; 2 ao\u00fbt 1935<\/td>\n<\/tr>\n<tr>\n<td align=\"left\">31.<\/td>\n<td align=\"left\">Namur<\/td>\n<td align=\"left\">23-29 juil. 1938<\/td>\n<\/tr>\n<tr>\n<td align=\"left\">32.<\/td>\n<td align=\"left\">Anvers<\/td>\n<td align=\"left\">27-31 juil. 1947<\/td>\n<\/tr>\n<tr>\n<td align=\"left\">33.<\/td>\n<td align=\"left\">Tournai<\/td>\n<td align=\"left\">4-8 sept. 1949<\/td>\n<\/tr>\n<tr>\n<td align=\"left\">34.<\/td>\n<td align=\"left\">Verviers<\/td>\n<td align=\"left\">22-25 juil. 1951<\/td>\n<\/tr>\n<tr>\n<td align=\"left\">35.<\/td>\n<td align=\"left\">Courtrai<\/td>\n<td align=\"left\">26-30 juil. 1953<\/td>\n<\/tr>\n<tr>\n<td align=\"left\">36.<\/td>\n<td align=\"left\">Gand<\/td>\n<td align=\"left\">12-15 avril 1955<\/td>\n<\/tr>\n<tr>\n<td align=\"left\">37.<\/td>\n<td align=\"left\">Bruxelles<\/td>\n<td align=\"left\">24-30 ao\u00fbt 1958<\/td>\n<\/tr>\n<tr>\n<td align=\"left\">38.<\/td>\n<td align=\"left\">Arlon<\/td>\n<td align=\"left\">24-30 juil. 1960<\/td>\n<\/tr>\n<tr>\n<td align=\"left\">39.<\/td>\n<td align=\"left\">Bruges<\/td>\n<td align=\"left\">16-18 sept. 1966<\/td>\n<\/tr>\n<tr>\n<td align=\"left\">40.<\/td>\n<td align=\"left\">Li\u00e8ge<\/td>\n<td align=\"left\">6-12 sept. 1968<\/td>\n<\/tr>\n<tr>\n<td align=\"left\">41.<\/td>\n<td align=\"left\">Malines<\/td>\n<td align=\"left\">3-6 sept. 1970<\/td>\n<\/tr>\n<tr>\n<td align=\"left\">42.<\/td>\n<td align=\"left\">Malmedy<\/td>\n<td align=\"left\">29 juil. &#8211; 6 ao\u00fbt 1972<\/td>\n<\/tr>\n<tr>\n<td align=\"left\">43.<\/td>\n<td align=\"left\">Saint-Nicolas (-Waes)<\/td>\n<td align=\"left\">21-25 juil. 1974<\/td>\n<\/tr>\n<tr>\n<td align=\"left\">44.<\/td>\n<td align=\"left\">Huy<\/td>\n<td align=\"left\">18-22 ao\u00fbt 1976<\/td>\n<\/tr>\n<\/tbody>\n<\/table>\n<\/div>\n<\/div><\/div><\/div><\/div><div class=\"fusion-fullwidth fullwidth-box fusion-builder-row-2 fusion-flex-container has-pattern-background has-mask-background nonhundred-percent-fullwidth non-hundred-percent-height-scrolling\" style=\"--awb-border-radius-top-left:0px;--awb-border-radius-top-right:0px;--awb-border-radius-bottom-right:0px;--awb-border-radius-bottom-left:0px;--awb-flex-wrap:wrap;\" ><div class=\"fusion-builder-row fusion-row fusion-flex-align-items-flex-start fusion-flex-content-wrap\" style=\"max-width:1216.8px;margin-left: calc(-4% \/ 2 );margin-right: calc(-4% \/ 2 );\"><div class=\"fusion-layout-column fusion_builder_column fusion-builder-column-3 fusion_builder_column_1_1 1_1 fusion-flex-column\" style=\"--awb-bg-size:cover;--awb-width-large:100%;--awb-margin-top-large:0px;--awb-spacing-right-large:1.92%;--awb-margin-bottom-large:20px;--awb-spacing-left-large:1.92%;--awb-width-medium:100%;--awb-order-medium:0;--awb-spacing-right-medium:1.92%;--awb-spacing-left-medium:1.92%;--awb-width-small:100%;--awb-order-small:0;--awb-spacing-right-small:1.92%;--awb-spacing-left-small:1.92%;\"><div class=\"fusion-column-wrapper fusion-column-has-shadow fusion-flex-justify-content-flex-start fusion-content-layout-column\"><div class=\"fusion-section-separator section-separator triangle fusion-section-separator-1\" style=\"--awb-border-top:1px solid hsla(var(--awb-color8-h),var(--awb-color8-s),calc( var(--awb-color8-l) + 96% ),var(--awb-color8-a));--awb-spacer-height:1px;--awb-svg-margin-left:1.92%;--awb-svg-margin-right:1.92%;--awb-svg-margin-left-medium:1.92%;--awb-svg-margin-right-medium:1.92%;--awb-svg-margin-left-small:1.92%;--awb-svg-margin-right-small:1.92%;--awb-icon-color:var(--awb-color1);--awb-margin-top:50px;--awb-margin-bottom:30px;\"><div class=\"fusion-section-separator-svg\"><div class=\"divider-candy-arrow top\" style=\"bottom:0px;border-bottom-color: hsla(var(--awb-color8-h),var(--awb-color8-s),calc( var(--awb-color8-l) + 96% ),var(--awb-color8-a));\"><\/div><div class=\"divider-candy top\" style=\"top:-21px;border-bottom:1px solid hsla(var(--awb-color8-h),var(--awb-color8-s),calc( var(--awb-color8-l) + 96% ),var(--awb-color8-a));border-left:1px solid hsla(var(--awb-color8-h),var(--awb-color8-s),calc( var(--awb-color8-l) + 96% ),var(--awb-color8-a));\"><\/div><\/div><div class=\"fusion-section-separator-spacer\"><div class=\"fusion-section-separator-spacer-height\"><\/div><\/div><\/div><\/div><\/div><\/div><\/div><div class=\"fusion-fullwidth fullwidth-box fusion-builder-row-3 fusion-flex-container has-pattern-background has-mask-background nonhundred-percent-fullwidth non-hundred-percent-height-scrolling\" style=\"--awb-border-radius-top-left:0px;--awb-border-radius-top-right:0px;--awb-border-radius-bottom-right:0px;--awb-border-radius-bottom-left:0px;--awb-flex-wrap:wrap;\" ><div class=\"fusion-builder-row fusion-row fusion-flex-align-items-flex-start fusion-flex-content-wrap\" style=\"max-width:1216.8px;margin-left: calc(-4% \/ 2 );margin-right: calc(-4% \/ 2 );\"><div class=\"fusion-layout-column fusion_builder_column fusion-builder-column-4 fusion_builder_column_1_2 1_2 fusion-flex-column\" style=\"--awb-padding-top:0px;--awb-padding-bottom:0px;--awb-bg-size:cover;--awb-width-large:50%;--awb-margin-top-large:0px;--awb-spacing-right-large:3.84%;--awb-margin-bottom-large:20px;--awb-spacing-left-large:3.84%;--awb-width-medium:100%;--awb-order-medium:0;--awb-spacing-right-medium:1.92%;--awb-spacing-left-medium:1.92%;--awb-width-small:100%;--awb-order-small:0;--awb-spacing-right-small:1.92%;--awb-spacing-left-small:1.92%;\"><div class=\"fusion-column-wrapper fusion-column-has-shadow fusion-flex-justify-content-flex-start fusion-content-layout-column\"><div class=\"fusion-text fusion-text-2\" style=\"--awb-text-color:var(--awb-color8);\"><p style=\"color: var(--awb-color4);\"><strong>Congr\u00e8s organis\u00e9s par l\u2019<i>Association des Cercles francophones d\u2019Histoire et d\u2019Arch\u00e9ologie de Belgique<\/i><\/strong><\/p>\n<\/div>\n<div class=\"table-1\">\n<table width=\"100%\">\n<thead>\n<tr>\n<th align=\"left\"><strong>Nbre<\/strong><\/th>\n<th align=\"left\"><strong>Ville<\/strong><\/th>\n<th align=\"left\"><strong>Date<\/strong><\/th>\n<\/tr>\n<\/thead>\n<tbody>\n<tr>\n<td align=\"left\">45.<\/td>\n<td align=\"left\">Comines<\/td>\n<td align=\"left\">28-31 ao\u00fbt 1980<\/td>\n<\/tr>\n<tr>\n<td align=\"left\">47.<\/td>\n<td align=\"left\">Nivelles<\/td>\n<td align=\"left\">23-26 ao\u00fbt 1984<\/td>\n<\/tr>\n<tr>\n<td align=\"left\">49.<\/td>\n<td align=\"left\">Namur<\/td>\n<td align=\"left\">18-21 ao\u00fbt 1988<\/td>\n<\/tr>\n<tr>\n<td align=\"left\">51.<\/td>\n<td align=\"left\">Li\u00e8ge<\/td>\n<td align=\"left\">20-23 ao\u00fbt 1992<\/td>\n<\/tr>\n<tr>\n<td align=\"left\">52.<\/td>\n<td align=\"left\">Herbeumont<\/td>\n<td align=\"left\">22-25 ao\u00fbt 1996<\/td>\n<\/tr>\n<tr>\n<td align=\"left\">53.<\/td>\n<td align=\"left\">Mons<\/td>\n<td align=\"left\">24-27 ao\u00fbt 2000<\/td>\n<\/tr>\n<tr>\n<td align=\"left\">54.<\/td>\n<td align=\"left\">Ottignies-Louvain-la-Neuve<\/td>\n<td align=\"left\">26-28 ao\u00fbt 2004<\/td>\n<\/tr>\n<tr>\n<td align=\"left\">55.<\/td>\n<td align=\"left\">Namur<\/td>\n<td align=\"left\">28-31 ao\u00fbt 2008<\/td>\n<\/tr>\n<tr>\n<td align=\"left\">56.<\/td>\n<td align=\"left\">Li\u00e8ge<\/td>\n<td align=\"left\">23-26 ao\u00fbt 2012<\/td>\n<\/tr>\n<tr>\n<td align=\"left\">57.<\/td>\n<td align=\"left\">Arlon<\/td>\n<td align=\"left\">18-21 ao\u00fbt 2016<\/td>\n<\/tr>\n<tr>\n<td align=\"left\">58.<\/td>\n<td align=\"left\">Tournai<\/td>\n<td align=\"left\">19-22 ao\u00fbt 2021<\/td>\n<\/tr>\n<tr>\n<td align=\"left\"><strong>59.<\/strong><\/td>\n<td align=\"left\"><strong>Bruxelles<\/strong><\/td>\n<td align=\"left\"><strong>20-23 ao\u00fbt 2026<\/strong><\/td>\n<\/tr>\n<\/tbody>\n<\/table>\n<\/div>\n<\/div><\/div><div class=\"fusion-layout-column fusion_builder_column fusion-builder-column-5 fusion_builder_column_1_2 1_2 fusion-flex-column\" style=\"--awb-bg-size:cover;--awb-width-large:50%;--awb-margin-top-large:0px;--awb-spacing-right-large:3.84%;--awb-margin-bottom-large:20px;--awb-spacing-left-large:3.84%;--awb-width-medium:100%;--awb-order-medium:0;--awb-spacing-right-medium:1.92%;--awb-spacing-left-medium:1.92%;--awb-width-small:100%;--awb-order-small:0;--awb-spacing-right-small:1.92%;--awb-spacing-left-small:1.92%;\"><div class=\"fusion-column-wrapper fusion-column-has-shadow fusion-flex-justify-content-flex-start fusion-content-layout-column\"><div class=\"fusion-text fusion-text-3\"><p style=\"color: var(--awb-color4);\"><b>Congr\u00e8s organis\u00e9s par la <em>Federatie van Nederlandstalige <\/em><\/b><b><em>Verenigingen voor Oudheidkunde en Geschiedenis <\/em><\/b><b><em>van Belgi\u00eb<\/em><\/b><\/p>\n<\/div>\n<div class=\"table-1\">\n<table width=\"100%\">\n<thead>\n<tr>\n<th style=\"text-align: left;\" align=\"left\">Nbre<\/th>\n<th align=\"left\">Ville<\/th>\n<th align=\"left\">Date<\/th>\n<\/tr>\n<\/thead>\n<tbody>\n<tr>\n<td align=\"left\">46.<\/td>\n<td align=\"left\">Hasselt<\/td>\n<td align=\"left\">19-22 ao\u00fbt 1982<\/td>\n<\/tr>\n<tr>\n<td align=\"left\">48.<\/td>\n<td align=\"left\">Courtrai<\/td>\n<td align=\"left\">21-24 ao\u00fbt 1986<\/td>\n<\/tr>\n<tr>\n<td align=\"left\">50.<\/td>\n<td align=\"left\">Bruxelles<\/td>\n<td align=\"left\">1990 : projet non abouti<\/td>\n<\/tr>\n<\/tbody>\n<\/table>\n<\/div>\n<\/div><\/div><\/div><\/div><\/p>\n","protected":false},"excerpt":{"rendered":"","protected":false},"author":2,"featured_media":6016,"parent":0,"menu_order":0,"comment_status":"closed","ping_status":"closed","template":"","meta":{"footnotes":""},"class_list":["post-6211","page","type-page","status-publish","has-post-thumbnail","hentry"],"_links":{"self":[{"href":"https:\/\/acfhab.be\/index.php?rest_route=\/wp\/v2\/pages\/6211","targetHints":{"allow":["GET"]}}],"collection":[{"href":"https:\/\/acfhab.be\/index.php?rest_route=\/wp\/v2\/pages"}],"about":[{"href":"https:\/\/acfhab.be\/index.php?rest_route=\/wp\/v2\/types\/page"}],"author":[{"embeddable":true,"href":"https:\/\/acfhab.be\/index.php?rest_route=\/wp\/v2\/users\/2"}],"replies":[{"embeddable":true,"href":"https:\/\/acfhab.be\/index.php?rest_route=%2Fwp%2Fv2%2Fcomments&post=6211"}],"version-history":[{"count":62,"href":"https:\/\/acfhab.be\/index.php?rest_route=\/wp\/v2\/pages\/6211\/revisions"}],"predecessor-version":[{"id":6280,"href":"https:\/\/acfhab.be\/index.php?rest_route=\/wp\/v2\/pages\/6211\/revisions\/6280"}],"wp:featuredmedia":[{"embeddable":true,"href":"https:\/\/acfhab.be\/index.php?rest_route=\/wp\/v2\/media\/6016"}],"wp:attachment":[{"href":"https:\/\/acfhab.be\/index.php?rest_route=%2Fwp%2Fv2%2Fmedia&parent=6211"}],"curies":[{"name":"wp","href":"https:\/\/api.w.org\/{rel}","templated":true}]}}