{"id":5282,"date":"2025-04-15T21:57:28","date_gmt":"2025-04-15T19:57:28","guid":{"rendered":"https:\/\/srab.brussels\/acfhab\/?page_id=5282"},"modified":"2026-02-20T16:52:31","modified_gmt":"2026-02-20T15:52:31","slug":"membres-du-comite-scientifique","status":"publish","type":"page","link":"https:\/\/acfhab.be\/?page_id=5282","title":{"rendered":"Membres du comit\u00e9 scientifique"},"content":{"rendered":"<div class=\"fusion-fullwidth fullwidth-box fusion-builder-row-1 fusion-flex-container nonhundred-percent-fullwidth non-hundred-percent-height-scrolling\" style=\"--awb-border-radius-top-left:0px;--awb-border-radius-top-right:0px;--awb-border-radius-bottom-right:0px;--awb-border-radius-bottom-left:0px;--awb-flex-wrap:wrap;\" ><div class=\"fusion-builder-row fusion-row fusion-flex-align-items-flex-start fusion-flex-content-wrap\" style=\"max-width:1216.8px;margin-left: calc(-4% \/ 2 );margin-right: calc(-4% \/ 2 );\"><div class=\"fusion-layout-column fusion_builder_column fusion-builder-column-0 fusion_builder_column_1_1 1_1 fusion-flex-column\" style=\"--awb-bg-blend:overlay;--awb-bg-size:cover;--awb-width-large:100%;--awb-margin-top-large:0px;--awb-spacing-right-large:1.92%;--awb-margin-bottom-large:0px;--awb-spacing-left-large:1.92%;--awb-width-medium:100%;--awb-spacing-right-medium:1.92%;--awb-spacing-left-medium:1.92%;--awb-width-small:100%;--awb-spacing-right-small:1.92%;--awb-spacing-left-small:1.92%;\"><div class=\"fusion-column-wrapper fusion-flex-justify-content-flex-start fusion-content-layout-column\"><div class=\"fusion-text fusion-text-1\"><ul>\n<li><span style=\"color: var(--awb-color4);\"><b>Pr\u00e9sident :<\/b><\/span> Michel de Waha<\/li>\n<li><span style=\"color: var(--awb-color4);\"><b>Secr\u00e9taire :<\/b><\/span> St\u00e9phane Demeter<\/li>\n<li><span style=\"color: var(--awb-color4);\"><b>Responsable des publications scientifiques :<\/b><\/span> Didier Martens<\/li>\n<li><span style=\"color: var(--awb-color4);\"><b>Membres :<\/b><\/span><br \/>\nLes pr\u00e9sidents des douze sections :<\/p>\n<ul>\n<li>Fran\u00e7ois Blary &#8211; Arch\u00e9ologie<\/li>\n<li>Catherine Lanneau &#8211; Histoire politique, militaire et relations internationales<\/li>\n<li>\u00c8ric Geerkens &#8211; Histoire \u00e9conomique et sociale (+ numismatique, d\u00e9mographie, vie quotidienne)<\/li>\n<li>Jean-Marie Cauchies &#8211; Histoire des institutions et du droit (+ sigillographie)<\/li>\n<li>Philippe Desmette &#8211; Histoire des religions et des mouvements philosophiques<\/li>\n<li>Genevi\u00e8ve Xhayet &#8211; Histoire des sciences, des techniques et des savoirs anciens<\/li>\n<li>Nicolas Schroeder &#8211; Histoire de l\u2019environnement et de l\u2019am\u00e9nagement du territoire<\/li>\n<li>Fran\u00e7ois de Pierpont &#8211; G\u00e9n\u00e9alogie et histoire des familles (+ h\u00e9raldique)<\/li>\n<li>Isabelle Lecocq &#8211; Histoire des arts<\/li>\n<li>Isabelle Leroy &#8211; Patrimoine oral et immat\u00e9riel, folklore<\/li>\n<li>Marc Libert &#8211; Archives et biblioth\u00e8ques<\/li>\n<li>Nathalie Nyst &#8211; Patrimoine mobilier et mus\u00e9es<\/li>\n<\/ul>\n<\/li>\n<li><span style=\"color: var(--awb-color4);\"><b>Pr\u00e9sident du comit\u00e9 d\u2019organisation :<\/b><\/span> Alain Dierkens<\/li>\n<\/ul>\n<\/div><\/div><\/div><\/div><\/div>\n","protected":false},"excerpt":{"rendered":"","protected":false},"author":1,"featured_media":6022,"parent":0,"menu_order":0,"comment_status":"closed","ping_status":"closed","template":"","meta":{"footnotes":""},"class_list":["post-5282","page","type-page","status-publish","has-post-thumbnail","hentry"],"_links":{"self":[{"href":"https:\/\/acfhab.be\/index.php?rest_route=\/wp\/v2\/pages\/5282","targetHints":{"allow":["GET"]}}],"collection":[{"href":"https:\/\/acfhab.be\/index.php?rest_route=\/wp\/v2\/pages"}],"about":[{"href":"https:\/\/acfhab.be\/index.php?rest_route=\/wp\/v2\/types\/page"}],"author":[{"embeddable":true,"href":"https:\/\/acfhab.be\/index.php?rest_route=\/wp\/v2\/users\/1"}],"replies":[{"embeddable":true,"href":"https:\/\/acfhab.be\/index.php?rest_route=%2Fwp%2Fv2%2Fcomments&post=5282"}],"version-history":[{"count":8,"href":"https:\/\/acfhab.be\/index.php?rest_route=\/wp\/v2\/pages\/5282\/revisions"}],"predecessor-version":[{"id":6010,"href":"https:\/\/acfhab.be\/index.php?rest_route=\/wp\/v2\/pages\/5282\/revisions\/6010"}],"wp:featuredmedia":[{"embeddable":true,"href":"https:\/\/acfhab.be\/index.php?rest_route=\/wp\/v2\/media\/6022"}],"wp:attachment":[{"href":"https:\/\/acfhab.be\/index.php?rest_route=%2Fwp%2Fv2%2Fmedia&parent=5282"}],"curies":[{"name":"wp","href":"https:\/\/api.w.org\/{rel}","templated":true}]}}