{"id":5280,"date":"2025-04-15T21:56:59","date_gmt":"2025-04-15T19:56:59","guid":{"rendered":"https:\/\/srab.brussels\/acfhab\/?page_id=5280"},"modified":"2026-02-20T15:42:29","modified_gmt":"2026-02-20T14:42:29","slug":"membres-du-comite-dorganisation","status":"publish","type":"page","link":"https:\/\/acfhab.be\/?page_id=5280","title":{"rendered":"Membres du comit\u00e9 d\u2019organisation"},"content":{"rendered":"<div class=\"fusion-fullwidth fullwidth-box fusion-builder-row-1 fusion-flex-container nonhundred-percent-fullwidth non-hundred-percent-height-scrolling\" style=\"--awb-border-radius-top-left:0px;--awb-border-radius-top-right:0px;--awb-border-radius-bottom-right:0px;--awb-border-radius-bottom-left:0px;--awb-flex-wrap:wrap;\" ><div class=\"fusion-builder-row fusion-row fusion-flex-align-items-flex-start fusion-flex-content-wrap\" style=\"max-width:1216.8px;margin-left: calc(-4% \/ 2 );margin-right: calc(-4% \/ 2 );\"><div class=\"fusion-layout-column fusion_builder_column fusion-builder-column-0 fusion_builder_column_1_1 1_1 fusion-flex-column\" style=\"--awb-bg-blend:overlay;--awb-bg-size:cover;--awb-width-large:100%;--awb-margin-top-large:0px;--awb-spacing-right-large:1.92%;--awb-margin-bottom-large:0px;--awb-spacing-left-large:1.92%;--awb-width-medium:100%;--awb-spacing-right-medium:1.92%;--awb-spacing-left-medium:1.92%;--awb-width-small:100%;--awb-spacing-right-small:1.92%;--awb-spacing-left-small:1.92%;\"><div class=\"fusion-column-wrapper fusion-flex-justify-content-flex-start fusion-content-layout-column\"><div class=\"fusion-text fusion-text-1\"><ul>\n<li><span style=\"color: var(--awb-color4);\"><b>Pr\u00e9sident d\u2019honneur<b> :<\/b><\/b><\/span> \u2020 Jean-Marie Duvosquel<\/li>\n<li><b><span style=\"color: var(--awb-color4);\">Pr\u00e9siden<\/span><span style=\"color: var(--awb-color4);\">t <\/span><span style=\"color: var(--awb-color4);\">:<\/span><\/b> Alain Dierkens<\/li>\n<li><span style=\"color: var(--awb-color4);\"><b>Vice-Pr\u00e9sidents :<\/b><\/span> Christian Vandermotten, Jean-Jacques De Gheyndt, Beno\u00eet Beyer de Ryke<\/li>\n<li><b><span style=\"color: var(--awb-color4);\">Secr\u00e9taire g\u00e9n\u00e9ral <\/span><span style=\"color: var(--awb-color4);\">:<\/span><\/b> St\u00e9phane Demeter<\/li>\n<li><span style=\"color: var(--awb-color4);\"><b>Secr\u00e9taire g\u00e9n\u00e9ral adjoint :<\/b><\/span> David Guilardian<\/li>\n<li><span style=\"color: var(--awb-color4);\"><b>Tr\u00e9sorier :<\/b><\/span> David Guilardian<\/li>\n<li><span style=\"color: #1c1c1c;\"><b style=\"color: var(--awb-color4);\">Membres :<\/b><\/span> Pierre Anagnostopoulos, Fr\u00e9d\u00e9ric Boquet, \u00c9ric Bousmar, Claude Depauw, Alexandra Depoorter, Michel Fourny, Didier Martens, Anne Vandenbulcke.<\/li>\n<li><span style=\"color: var(--awb-color4);\"><b>Pr\u00e9sident du comit\u00e9 scientifique :<\/b><\/span> Michel de Waha<\/li>\n<\/ul>\n<\/div><\/div><\/div><\/div><\/div>\n","protected":false},"excerpt":{"rendered":"","protected":false},"author":1,"featured_media":5990,"parent":0,"menu_order":0,"comment_status":"closed","ping_status":"closed","template":"","meta":{"footnotes":""},"class_list":["post-5280","page","type-page","status-publish","has-post-thumbnail","hentry"],"_links":{"self":[{"href":"https:\/\/acfhab.be\/index.php?rest_route=\/wp\/v2\/pages\/5280","targetHints":{"allow":["GET"]}}],"collection":[{"href":"https:\/\/acfhab.be\/index.php?rest_route=\/wp\/v2\/pages"}],"about":[{"href":"https:\/\/acfhab.be\/index.php?rest_route=\/wp\/v2\/types\/page"}],"author":[{"embeddable":true,"href":"https:\/\/acfhab.be\/index.php?rest_route=\/wp\/v2\/users\/1"}],"replies":[{"embeddable":true,"href":"https:\/\/acfhab.be\/index.php?rest_route=%2Fwp%2Fv2%2Fcomments&post=5280"}],"version-history":[{"count":9,"href":"https:\/\/acfhab.be\/index.php?rest_route=\/wp\/v2\/pages\/5280\/revisions"}],"predecessor-version":[{"id":5989,"href":"https:\/\/acfhab.be\/index.php?rest_route=\/wp\/v2\/pages\/5280\/revisions\/5989"}],"wp:featuredmedia":[{"embeddable":true,"href":"https:\/\/acfhab.be\/index.php?rest_route=\/wp\/v2\/media\/5990"}],"wp:attachment":[{"href":"https:\/\/acfhab.be\/index.php?rest_route=%2Fwp%2Fv2%2Fmedia&parent=5280"}],"curies":[{"name":"wp","href":"https:\/\/api.w.org\/{rel}","templated":true}]}}