{"id":5255,"date":"2025-04-15T21:42:34","date_gmt":"2025-04-15T19:42:34","guid":{"rendered":"https:\/\/srab.brussels\/acfhab\/?page_id=5255"},"modified":"2026-04-03T11:23:52","modified_gmt":"2026-04-03T09:23:52","slug":"editorial","status":"publish","type":"page","link":"https:\/\/acfhab.be\/?page_id=5255","title":{"rendered":"\u00c9ditorial"},"content":{"rendered":"<div class=\"fusion-fullwidth fullwidth-box fusion-builder-row-1 fusion-flex-container nonhundred-percent-fullwidth non-hundred-percent-height-scrolling\" style=\"--awb-border-radius-top-left:0px;--awb-border-radius-top-right:0px;--awb-border-radius-bottom-right:0px;--awb-border-radius-bottom-left:0px;--awb-flex-wrap:wrap;\" ><div class=\"fusion-builder-row fusion-row fusion-flex-align-items-flex-start fusion-flex-content-wrap\" style=\"max-width:1216.8px;margin-left: calc(-4% \/ 2 );margin-right: calc(-4% \/ 2 );\"><div class=\"fusion-layout-column fusion_builder_column fusion-builder-column-0 fusion_builder_column_1_1 1_1 fusion-flex-column\" style=\"--awb-bg-size:cover;--awb-width-large:100%;--awb-margin-top-large:0px;--awb-spacing-right-large:1.92%;--awb-margin-bottom-large:0px;--awb-spacing-left-large:1.92%;--awb-width-medium:100%;--awb-spacing-right-medium:1.92%;--awb-spacing-left-medium:1.92%;--awb-width-small:100%;--awb-spacing-right-small:1.92%;--awb-spacing-left-small:1.92%;\"><div class=\"fusion-column-wrapper fusion-flex-justify-content-flex-start fusion-content-layout-column\"><div class=\"fusion-text fusion-text-1\"><p style=\"color: var(--awb-color4);\"><b>BRUXELLES EN AO\u00dbT 2026, capitale de l&#8217;histoire et de l&#8217;arch\u00e9ologie francophones de Belgique<\/b><\/p>\n<p align=\"justify\">La Soci\u00e9t\u00e9 royale d\u2019Arch\u00e9ologie de Bruxelles (SRAB) a \u00e9t\u00e9 charg\u00e9e d\u2019organiser \u00e0 Bruxelles le 12e Congr\u00e8s de l\u2019Association des Cercles francophones d\u2019Histoire et d\u2019Arch\u00e9ologie de Belgique (59e Congr\u00e8s de la F\u00e9d\u00e9ration des Cercles d\u2019Arch\u00e9ologie et d\u2019Histoire de Belgique). Cette manifestation scientifique, ouverte tant aux amateurs qu&#8217;aux professionnels, se tiendra dans les locaux de l\u2019Acad\u00e9mie royale de Belgique, du jeudi 20 au dimanche 23 ao\u00fbt 2026.<\/p>\n<p align=\"justify\">Depuis 1885, les assisses des congr\u00e8s de l\u2019association d\u2019abord d\u00e9nomm\u00e9e \u00ab F\u00e9d\u00e9ration arch\u00e9ologique et historique de Belgique \u00bb rassemblent passionn\u00e9s, chercheurs et soci\u00e9t\u00e9s savantes autour d&#8217;un objectif commun : faire vivre l\u2019histoire, l\u2019arch\u00e9ologie et le patrimoine de nos r\u00e9gions. Elles se tenaient tous les ans, puis tous les deux ans et mobilisaient les cercles de l\u2019ensemble de la Belgique. Les premiers congr\u00e8s se tinrent \u00e0 Anvers (1885), Namur (1886), Bruges (1887), etc. <b style=\"color: var(--awb-color4);\"><u><a href=\"https:\/\/acfhab.be\/?page_id=6211\" style=\"color: var(--awb-color4);\">(en savoir plus)<\/a><\/u><\/b>. La Soci\u00e9t\u00e9 d\u2019Arch\u00e9ologie de Bruxelles est pr\u00e9sente d\u00e8s l\u2019ann\u00e9e de sa fondation, en 1887, et s&#8217;associe \u00e0 la publication des Actes du bouillant Congr\u00e8s de Charleroi de 1888. Son engagement depuis fut permanent : elle organisa les congr\u00e8s de 1891, 1935 et 1958.  Aujourd&#8217;hui, la Soci\u00e9t\u00e9 royale d\u2019Arch\u00e9ologie de Bruxelles rel\u00e8ve \u00e0 nouveau ce d\u00e9fi avec enthousiasme. Cet \u00e9v\u00e9nement majeur marque le retour de Bruxelles sur la sc\u00e8ne de ces grandes rencontres scientifiques patrimoniales, apr\u00e8s pr\u00e8s de sept d\u00e9cennies d\u2019absence. Les activit\u00e9s culturelles propos\u00e9es en parall\u00e8le des journ\u00e9es d\u2019\u00e9tudes mettront en valeur le patrimoine de la R\u00e9gion de Bruxelles-capitale.<\/p>\n<p align=\"justify\">Ce 12e congr\u00e8s rev\u00eat une dimension symbolique particuli\u00e8re. Il rend hommage \u00e0 Jean-Marie Duvosquel (1946-2023), figure tut\u00e9laire de l\u2019ACfHAB, dont il fut le premier pr\u00e9sident et l&#8217;infatigable promoteur. C\u2019est sous son impulsion que les soci\u00e9t\u00e9s francophones belges, apr\u00e8s la r\u00e9gionalisation de l\u2019\u00c9tat, se regroup\u00e8rent pour former l\u2019Association des Cercles francophones d\u2019Histoire et d\u2019Arch\u00e9ologie de Belgique (ACfHAB). Il fut \u00e0 l\u2019origine du premier congr\u00e8s \u2013 congr\u00e8s du renouveau de la F\u00e9d\u00e9ration des Cercles d\u2019Histoire et d\u2019Arch\u00e9ologie de Belgique (45e congr\u00e8s) \u2013 qui se tint en 1980 \u00e0 Comines-Warneton. Son souvenir habitera ces journ\u00e9es consacr\u00e9es aux disciplines qu\u2019il a tant contribu\u00e9 \u00e0 f\u00e9d\u00e9rer.<\/p>\n<p><b style=\"color: var(--awb-color4);\">Douze sections pour embrasser l&#8217;ensemble du patrimoine<\/b><\/p>\n<p align=\"justify\">Le programme scientifique s&#8217;articule autour de douze sections th\u00e9matiques : arch\u00e9ologie, histoire politique, militaire et relations internationales, histoire \u00e9conomique et sociale (+ numismatique, d\u00e9mographie, vie quotidienne), histoire des institutions et du droit (+ sigillographie), histoire des religions et des mouvements philosophiques, histoire des sciences, des techniques et des savoirs anciens, histoire de l\u2019environnement et de l\u2019am\u00e9nagement du territoire, g\u00e9n\u00e9alogie et histoire des familles (+ h\u00e9raldique), histoire des arts, patrimoine oral et immat\u00e9riel, folklore, archives et biblioth\u00e8ques, patrimoine mobilier et mus\u00e9es <span style=\"color: var(--awb-color4);\"><u><a href=\"https:\/\/acfhab.be\/?page_id=5284\" style=\"color: var(--awb-color4);\">(en savoir plus)<\/a><\/u><\/span>.<br \/>Cette architecture permet d\u2019accueillir la diversit\u00e9 des recherches actuelles, des travaux les plus acad\u00e9miques aux d\u00e9couvertes des historiens locaux.<\/p>\n<p align=\"justify\">Chaque communication suivie de discussion offre l\u2019occasion d\u2019un v\u00e9ritable \u00e9change. Chaque demi-journ\u00e9e d\u2019\u00e9tude comporte deux tranches horaires, s\u00e9par\u00e9es par une pause-caf\u00e9 dans le patio des anciennes \u00e9curies. Ces moments sont l\u2019occasion de rencontres informelles dans une atmosph\u00e8re sympathique et d\u00e9tendue qui font la richesse des congr\u00e8s : confrontation des m\u00e9thodes, d\u00e9couverte de sources in\u00e9dites, naissance de collaborations futures.<\/p>\n<p align=\"justify\">L\u2019originalit\u00e9 de cette manifestation r\u00e9side dans son ouverture. Professionnels et amateurs y trouvent leur place. \u00c9tudiants pr\u00e9sentant leur m\u00e9moire, doctorants exposant leur projet de th\u00e8se, chercheurs confirm\u00e9s comme \u00e9rudits locaux : tous sont invit\u00e9s \u00e0 soumettre une communication. Car c\u2019est dans ce croisement des regards et des comp\u00e9tences que se construit une histoire vivante, ancr\u00e9e dans les territoires et les communaut\u00e9s qui la font.<\/p>\n<p align=\"justify\">Les stands des soci\u00e9t\u00e9s participantes et de librairies sp\u00e9cialis\u00e9es permettront de d\u00e9couvrir des publications souvent m\u00e9connues, t\u00e9moins d\u2019un travail patient de collecte et d&#8217;analyse men\u00e9 aux quatre coins de la Wallonie et de Bruxelles.<\/p>\n<p align=\"justify\">Que vous soyez membre d\u2019une soci\u00e9t\u00e9 d\u2019histoire locale, chercheur universitaire ou simplement curieux du pass\u00e9, ce congr\u00e8s est le v\u00f4tre. Rejoignez-nous pour quatre journ\u00e9es de d\u00e9couvertes, de d\u00e9bats et de convivialit\u00e9 au c\u0153ur de Bruxelles.<\/p><\/p>\n<\/div><\/div><\/div><\/div><\/div>\n","protected":false},"excerpt":{"rendered":"","protected":false},"author":1,"featured_media":6016,"parent":0,"menu_order":0,"comment_status":"closed","ping_status":"closed","template":"","meta":{"footnotes":""},"class_list":["post-5255","page","type-page","status-publish","has-post-thumbnail","hentry"],"_links":{"self":[{"href":"https:\/\/acfhab.be\/index.php?rest_route=\/wp\/v2\/pages\/5255","targetHints":{"allow":["GET"]}}],"collection":[{"href":"https:\/\/acfhab.be\/index.php?rest_route=\/wp\/v2\/pages"}],"about":[{"href":"https:\/\/acfhab.be\/index.php?rest_route=\/wp\/v2\/types\/page"}],"author":[{"embeddable":true,"href":"https:\/\/acfhab.be\/index.php?rest_route=\/wp\/v2\/users\/1"}],"replies":[{"embeddable":true,"href":"https:\/\/acfhab.be\/index.php?rest_route=%2Fwp%2Fv2%2Fcomments&post=5255"}],"version-history":[{"count":10,"href":"https:\/\/acfhab.be\/index.php?rest_route=\/wp\/v2\/pages\/5255\/revisions"}],"predecessor-version":[{"id":6508,"href":"https:\/\/acfhab.be\/index.php?rest_route=\/wp\/v2\/pages\/5255\/revisions\/6508"}],"wp:featuredmedia":[{"embeddable":true,"href":"https:\/\/acfhab.be\/index.php?rest_route=\/wp\/v2\/media\/6016"}],"wp:attachment":[{"href":"https:\/\/acfhab.be\/index.php?rest_route=%2Fwp%2Fv2%2Fmedia&parent=5255"}],"curies":[{"name":"wp","href":"https:\/\/api.w.org\/{rel}","templated":true}]}}