{"id":5249,"date":"2025-04-15T18:22:49","date_gmt":"2025-04-15T16:22:49","guid":{"rendered":"https:\/\/srab.brussels\/acfhab\/?page_id=5249"},"modified":"2026-04-02T16:01:27","modified_gmt":"2026-04-02T14:01:27","slug":"les-congres-de-lacfhab","status":"publish","type":"page","link":"https:\/\/acfhab.be\/?page_id=5249","title":{"rendered":"Les congr\u00e8s de l\u2019ACfHAB"},"content":{"rendered":"<div class=\"fusion-fullwidth fullwidth-box fusion-builder-row-1 fusion-flex-container nonhundred-percent-fullwidth non-hundred-percent-height-scrolling\" style=\"--awb-border-radius-top-left:0px;--awb-border-radius-top-right:0px;--awb-border-radius-bottom-right:0px;--awb-border-radius-bottom-left:0px;--awb-flex-wrap:wrap;\" ><div class=\"fusion-builder-row fusion-row fusion-flex-align-items-flex-start fusion-flex-content-wrap\" style=\"max-width:1216.8px;margin-left: calc(-4% \/ 2 );margin-right: calc(-4% \/ 2 );\"><div class=\"fusion-layout-column fusion_builder_column fusion-builder-column-0 fusion_builder_column_1_1 1_1 fusion-flex-column\" style=\"--awb-bg-size:cover;--awb-width-large:100%;--awb-margin-top-large:0px;--awb-spacing-right-large:1.92%;--awb-margin-bottom-large:0px;--awb-spacing-left-large:1.92%;--awb-width-medium:100%;--awb-spacing-right-medium:1.92%;--awb-spacing-left-medium:1.92%;--awb-width-small:100%;--awb-spacing-right-small:1.92%;--awb-spacing-left-small:1.92%;\"><div class=\"fusion-column-wrapper fusion-flex-justify-content-flex-start fusion-content-layout-column\"><div class=\"fusion-text fusion-text-1\"><p>C\u2019est d\u00e8s 1880 que le colonel (futur lieutenant-g\u00e9n\u00e9ral) Henri Wauwermans, pr\u00e9sident de l\u2019Acad\u00e9mie d\u2019arch\u00e9ologie de Belgique, si\u00e9geant \u00e0 Anvers, incite celle-ci \u00e0 f\u00e9d\u00e9rer les soci\u00e9t\u00e9s arch\u00e9ologiques du pays sur le mod\u00e8le fran\u00e7ais de l\u2019Association pour l\u2019avancement des sciences. L\u2019exposition universelle d\u2019Anvers en 1885 offre l\u2019opportunit\u00e9 d\u2019organiser un premier congr\u00e8s. \u00c0 l\u2019ouverture de celui-ci, en septembre, Henri Wauvermans d\u00e9clare qu\u2019il \u00ab a paru qu\u2019en respectant l\u2019autonomie des diverses soci\u00e9t\u00e9s, il serait utile de chercher \u00e0 organiser entre elles un \u00e9change p\u00e9riodique d\u2019id\u00e9es, au moyen de conf\u00e9rences ou de congr\u00e8s, o\u00f9 les arch\u00e9ologues du pays auraient l\u2019occasion d\u2019appeler l\u2019attention de leurs coll\u00e8gues sur certaines hypoth\u00e8ses dont l\u2019\u00e9tude en commun pourrait avoir de grands r\u00e9sultats \u00bb. Et de souhaiter que chacune des soci\u00e9t\u00e9s, \u00e0 son tour, \u00ab prenne la direction des assises annuelles de la f\u00e9d\u00e9ration, tenues successivement dans toutes les villes du pays et nous aide tous \u00e0 conna\u00eetre les monuments qui ont \u00e9t\u00e9 l\u2019objet de ses \u00e9tudes \u00bb.<\/p>\n<p>En 1978, plusieurs soci\u00e9t\u00e9s d\u2019histoire et d\u2019arch\u00e9ologie de Wallonie et de Bruxelles ont constitu\u00e9 l\u2019<strong style=\"color: var(--awb-color4);\">Association des cercles francophones d\u2019histoire et d\u2019arch\u00e9ologie de Belgique (ACfHAB)<\/strong>. Des termes m\u00eames de ses statuts, celle-ci \u00ab a pour but :<\/p>\n<ul>\n<li>d\u2019\u00e9tablir les liens \u00e9troits et permanents entre les cercles s\u2019occupant de l\u2019arch\u00e9ologie et de l\u2019histoire de nos r\u00e9gions, y compris l\u2019histoire de l\u2019art, l\u2019archivistique, la g\u00e9n\u00e9alogie, le folklore et leurs sciences auxiliaires respectives ;<\/li>\n<li>de soutenir ses membres dans leurs initiatives en vue de la conservation du patrimoine arch\u00e9ologique, historique et artistique ;<br \/>\nde faciliter leur entr\u2019aide r\u00e9ciproque ;<\/li>\n<li>de promouvoir leur activit\u00e9 par l\u2019organisation de congr\u00e8s, de colloques, l\u2019\u00e9dition de publications, etc. ;<\/li>\n<li>de servir, dans la mesure du possible, de trait d\u2019union entre les instances officielles et ses membres \u00bb.<\/li>\n<\/ul>\n<p>Cette Association veut travailler en \u00e9troite relation avec la F\u00e9d\u00e9ration demeur\u00e9e nationale. Force toutefois est de constater que, depuis le congr\u00e8s r\u00e9uni \u00e0 Kortrijk en ao\u00fbt 1986, aucune rencontre ne s\u2019est tenue au nord du pays.<\/p>\n<p>Par contre, avec une belle r\u00e9gularit\u00e9, des assises des cercles francophones ont \u00e9t\u00e9 organis\u00e9es successivement \u00e0 Comines (1980), Nivelles (1984), Namur (1988), Li\u00e8ge (1992), Herbeumont (1996), Mons (2000), Louvain-la-Neuve (2004), Namur (2008), Li\u00e8ge (2012), Arlon (2016), Tournai (2021) et maintenant \u00e0 Bruxelles (2026).<\/p>\n<p><span style=\"color: var(--awb-color4);\"><b>QUATORZE D\u00c9CENNIES DE CONGR\u00c8S&#8230;<\/b><\/span> d\u00e9taill\u00e9es dans la <strong><a href=\"https:\/\/acfhab.be\/?page_id=6211\"><span style=\"color: var(--awb-color4);\"><u>liste des congr\u00e8s depuis 1885<\/u><\/span><\/a>.<\/strong><\/p>\n<\/div><\/div><\/div><\/div><\/div>\n","protected":false},"excerpt":{"rendered":"","protected":false},"author":1,"featured_media":6016,"parent":0,"menu_order":0,"comment_status":"closed","ping_status":"closed","template":"","meta":{"footnotes":""},"class_list":["post-5249","page","type-page","status-publish","has-post-thumbnail","hentry"],"_links":{"self":[{"href":"https:\/\/acfhab.be\/index.php?rest_route=\/wp\/v2\/pages\/5249","targetHints":{"allow":["GET"]}}],"collection":[{"href":"https:\/\/acfhab.be\/index.php?rest_route=\/wp\/v2\/pages"}],"about":[{"href":"https:\/\/acfhab.be\/index.php?rest_route=\/wp\/v2\/types\/page"}],"author":[{"embeddable":true,"href":"https:\/\/acfhab.be\/index.php?rest_route=\/wp\/v2\/users\/1"}],"replies":[{"embeddable":true,"href":"https:\/\/acfhab.be\/index.php?rest_route=%2Fwp%2Fv2%2Fcomments&post=5249"}],"version-history":[{"count":13,"href":"https:\/\/acfhab.be\/index.php?rest_route=\/wp\/v2\/pages\/5249\/revisions"}],"predecessor-version":[{"id":6471,"href":"https:\/\/acfhab.be\/index.php?rest_route=\/wp\/v2\/pages\/5249\/revisions\/6471"}],"wp:featuredmedia":[{"embeddable":true,"href":"https:\/\/acfhab.be\/index.php?rest_route=\/wp\/v2\/media\/6016"}],"wp:attachment":[{"href":"https:\/\/acfhab.be\/index.php?rest_route=%2Fwp%2Fv2%2Fmedia&parent=5249"}],"curies":[{"name":"wp","href":"https:\/\/api.w.org\/{rel}","templated":true}]}}